{"id":4,"date":"2012-10-16T17:58:34","date_gmt":"2012-10-16T15:58:34","guid":{"rendered":"http:\/\/www.koenig-lackierungen.de\/?page_id=4"},"modified":"2023-02-06T14:13:55","modified_gmt":"2023-02-06T12:13:55","slug":"unternehmen","status":"publish","type":"page","link":"https:\/\/www.koenig-lackierungen.de\/?page_id=4","title":{"rendered":"Unternehmen"},"content":{"rendered":"<p><span style=\"font-size: revert;\">Unser Unternehmen besch\u00e4ftigt sich seit nunmehr 30 Jahren mit Lackier- und Karosserie arbeiten s\u00e4mtlicher Fahrzeuge, sowie Sonder- und Industrielackierungen. Diese hochwertigen Arbeiten haben bei uns ein weit gef\u00e4chertes Spectrum.<\/span><\/p>\n<div>\n<p>F\u00fcr die individuelle Gestaltung stehen wir Ihnen bei der Planung und Durchf\u00fchrung gerne zur Seite<\/p>\n<p><a href=\"https:\/\/www.koenig-lackierungen.de\/wp-content\/uploads\/2012\/10\/Betrieb_2.jpg\"><img fetchpriority=\"high\" decoding=\"async\" class=\"alignnone size-medium wp-image-75\" title=\"OLYMPUS DIGITAL CAMERA\" src=\"https:\/\/www.koenig-lackierungen.de\/wp-content\/uploads\/2012\/10\/Betrieb_2-300x225.jpg\" alt=\"\" width=\"300\" height=\"225\" srcset=\"https:\/\/www.koenig-lackierungen.de\/wp-content\/uploads\/2012\/10\/Betrieb_2-300x225.jpg 300w, https:\/\/www.koenig-lackierungen.de\/wp-content\/uploads\/2012\/10\/Betrieb_2.jpg 800w\" sizes=\"(max-width: 300px) 100vw, 300px\" \/><\/a><\/p>\n<p><strong>K\u00f6nig Lackierungen<\/strong><br \/>\nInhaber: Herbert K\u00f6nig<br \/>\nIm Wennetal<br \/>\n59889 Eslohe- Bremke<\/p>\n<p>Fon: +49(0) 2973 &#8211; 1090<br \/>\nFax: +49(0) 2973 &#8211; 8 10 65<br \/>\nMail: info@koenig-lackierungen.de<\/p>\n<p>\u00d6ffnungszeiten: Montag bis Freitag von 07:30 bis 16:30 Uhr<\/p>\n<p>&nbsp;<\/p>\n<p>&nbsp;<\/p>\n<\/div>\n","protected":false},"excerpt":{"rendered":"<p>Unser Unternehmen besch\u00e4ftigt sich seit nunmehr 30 Jahren mit Lackier- und Karosserie arbeiten s\u00e4mtlicher Fahrzeuge, sowie Sonder- und Industrielackierungen. Diese hochwertigen Arbeiten haben bei uns ein weit gef\u00e4chertes Spectrum. F\u00fcr die individuelle Gestaltung stehen wir Ihnen bei der Planung und Durchf\u00fchrung gerne zur Seite K\u00f6nig Lackierungen Inhaber: Herbert K\u00f6nig Im Wennetal 59889 Eslohe- Bremke Fon: [&hellip;]<\/p>\n","protected":false},"author":1,"featured_media":0,"parent":0,"menu_order":0,"comment_status":"closed","ping_status":"closed","template":"","meta":{"ngg_post_thumbnail":0,"ocean_post_layout":"","ocean_both_sidebars_style":"","ocean_both_sidebars_content_width":0,"ocean_both_sidebars_sidebars_width":0,"ocean_sidebar":"0","ocean_second_sidebar":"0","ocean_disable_margins":"enable","ocean_add_body_class":"","ocean_shortcode_before_top_bar":"","ocean_shortcode_after_top_bar":"","ocean_shortcode_before_header":"","ocean_shortcode_after_header":"","ocean_has_shortcode":"","ocean_shortcode_after_title":"","ocean_shortcode_before_footer_widgets":"","ocean_shortcode_after_footer_widgets":"","ocean_shortcode_before_footer_bottom":"","ocean_shortcode_after_footer_bottom":"","ocean_display_top_bar":"default","ocean_display_header":"default","ocean_header_style":"","ocean_center_header_left_menu":"0","ocean_custom_header_template":"0","ocean_custom_logo":0,"ocean_custom_retina_logo":0,"ocean_custom_logo_max_width":0,"ocean_custom_logo_tablet_max_width":0,"ocean_custom_logo_mobile_max_width":0,"ocean_custom_logo_max_height":0,"ocean_custom_logo_tablet_max_height":0,"ocean_custom_logo_mobile_max_height":0,"ocean_header_custom_menu":"0","ocean_menu_typo_font_family":"0","ocean_menu_typo_font_subset":"","ocean_menu_typo_font_size":0,"ocean_menu_typo_font_size_tablet":0,"ocean_menu_typo_font_size_mobile":0,"ocean_menu_typo_font_size_unit":"px","ocean_menu_typo_font_weight":"","ocean_menu_typo_font_weight_tablet":"","ocean_menu_typo_font_weight_mobile":"","ocean_menu_typo_transform":"","ocean_menu_typo_transform_tablet":"","ocean_menu_typo_transform_mobile":"","ocean_menu_typo_line_height":0,"ocean_menu_typo_line_height_tablet":0,"ocean_menu_typo_line_height_mobile":0,"ocean_menu_typo_line_height_unit":"","ocean_menu_typo_spacing":0,"ocean_menu_typo_spacing_tablet":0,"ocean_menu_typo_spacing_mobile":0,"ocean_menu_typo_spacing_unit":"","ocean_menu_link_color":"","ocean_menu_link_color_hover":"","ocean_menu_link_color_active":"","ocean_menu_link_background":"","ocean_menu_link_hover_background":"","ocean_menu_link_active_background":"","ocean_menu_social_links_bg":"","ocean_menu_social_hover_links_bg":"","ocean_menu_social_links_color":"","ocean_menu_social_hover_links_color":"","ocean_disable_title":"default","ocean_disable_heading":"default","ocean_post_title":"","ocean_post_subheading":"","ocean_post_title_style":"","ocean_post_title_background_color":"","ocean_post_title_background":0,"ocean_post_title_bg_image_position":"","ocean_post_title_bg_image_attachment":"","ocean_post_title_bg_image_repeat":"","ocean_post_title_bg_image_size":"","ocean_post_title_height":0,"ocean_post_title_bg_overlay":0.5,"ocean_post_title_bg_overlay_color":"","ocean_disable_breadcrumbs":"default","ocean_breadcrumbs_color":"","ocean_breadcrumbs_separator_color":"","ocean_breadcrumbs_links_color":"","ocean_breadcrumbs_links_hover_color":"","ocean_display_footer_widgets":"default","ocean_display_footer_bottom":"default","ocean_custom_footer_template":"0","_themeisle_gutenberg_block_has_review":false,"footnotes":""},"class_list":["post-4","page","type-page","status-publish","hentry","entry"],"_links":{"self":[{"href":"https:\/\/www.koenig-lackierungen.de\/index.php?rest_route=\/wp\/v2\/pages\/4","targetHints":{"allow":["GET"]}}],"collection":[{"href":"https:\/\/www.koenig-lackierungen.de\/index.php?rest_route=\/wp\/v2\/pages"}],"about":[{"href":"https:\/\/www.koenig-lackierungen.de\/index.php?rest_route=\/wp\/v2\/types\/page"}],"author":[{"embeddable":true,"href":"https:\/\/www.koenig-lackierungen.de\/index.php?rest_route=\/wp\/v2\/users\/1"}],"replies":[{"embeddable":true,"href":"https:\/\/www.koenig-lackierungen.de\/index.php?rest_route=%2Fwp%2Fv2%2Fcomments&post=4"}],"version-history":[{"count":7,"href":"https:\/\/www.koenig-lackierungen.de\/index.php?rest_route=\/wp\/v2\/pages\/4\/revisions"}],"predecessor-version":[{"id":187,"href":"https:\/\/www.koenig-lackierungen.de\/index.php?rest_route=\/wp\/v2\/pages\/4\/revisions\/187"}],"wp:attachment":[{"href":"https:\/\/www.koenig-lackierungen.de\/index.php?rest_route=%2Fwp%2Fv2%2Fmedia&parent=4"}],"curies":[{"name":"wp","href":"https:\/\/api.w.org\/{rel}","templated":true}]}}